{"id":187,"date":"2022-04-24T12:07:04","date_gmt":"2022-04-24T15:07:04","guid":{"rendered":"http:\/\/magnus.pro.br\/?page_id=187"},"modified":"2022-07-29T10:48:08","modified_gmt":"2022-07-29T13:48:08","slug":"sistema-de-gestao-de-ativos-hospitalares-e-industriais-3","status":"publish","type":"page","link":"https:\/\/magnus.pro.br\/?page_id=187","title":{"rendered":"Sobre"},"content":{"rendered":"<div data-colibri-id=\"187-c1\" class=\"style-285 style-local-187-c1 position-relative\">\n  <!---->\n  <div data-colibri-component=\"section\" data-colibri-id=\"187-c2\" id=\"custom\" class=\"h-section h-section-global-spacing d-flex align-items-lg-center align-items-md-center align-items-center style-286 style-local-187-c2 position-relative\">\n    <!---->\n    <!---->\n    <div class=\"h-section-grid-container h-section-boxed-container\">\n      <!---->\n      <div data-colibri-id=\"187-c3\" class=\"h-row-container gutters-row-lg-2 gutters-row-md-2 gutters-row-0 gutters-row-v-lg-2 gutters-row-v-md-2 gutters-row-v-2 style-287 style-local-187-c3 position-relative\">\n        <!---->\n        <div class=\"h-row justify-content-lg-center justify-content-md-center justify-content-center align-items-lg-stretch align-items-md-stretch align-items-stretch gutters-col-lg-2 gutters-col-md-2 gutters-col-0 gutters-col-v-lg-2 gutters-col-v-md-2 gutters-col-v-2\">\n          <!---->\n          <div class=\"h-column h-column-container d-flex h-col-lg-auto h-col-md-auto h-col-auto style-288-outer style-local-187-c4-outer\">\n            <div data-colibri-id=\"187-c4\" class=\"d-flex h-flex-basis h-column__inner h-px-lg-2 h-px-md-2 h-px-2 v-inner-lg-2 v-inner-md-2 v-inner-2 style-288 style-local-187-c4 position-relative\">\n              <!---->\n              <!---->\n              <div class=\"w-100 h-y-container h-column__content h-column__v-align flex-basis-100 align-self-lg-start align-self-md-start align-self-start\">\n                <!---->\n                <div data-colibri-id=\"187-c5\" class=\"h-global-transition-all h-heading style-289 style-local-187-c5 position-relative h-element\">\n                  <!---->\n                  <div class=\"h-heading__outer style-289 style-local-187-c5\">\n                    <!---->\n                    <!---->\n                    <h1 class=\"\">Solu\u00e7\u00e3o para Gest\u00e3o de Ativos Hospitalares e Industriais<\/h1>\n                  <\/div>\n                <\/div>\n                <div data-colibri-id=\"187-c6\" class=\"h-lead h-text h-text-component style-293 style-local-187-c6 position-relative h-element\">\n                  <!---->\n                  <!---->\n                  <div class=\"\">\n                    <p>O MAGNUS \u00e9 um software, classificado como um CMMs (Computerized Maintenance Management System), comercializado pela empra INOVA TECNOLOGIA, e foi desenvolvido especialmente para atender aos processos de gest\u00e3o de ativos hospitalares\n                      ou industriais, sejam eles biom\u00e9dicos ou n\u00e3o.\n                      <br>\n                      <br> Atrav\u00e9s de uma interface intuitiva, associado a alta tecnologia, desenvolvemos uma solu\u00e7\u00e3o com diversas caracteristicas:<\/p>\n                    <p>Gest\u00e3o \/ Manuten\u00e7\u00e3o das Ordens de Servi\u00e7os Corretivas<\/p>\n                    <p>Gest\u00e3o \/ Manuten\u00e7\u00e3o das Ordens de Servi\u00e7os Preventivas \u2013 Esse m\u00f3dulo conta com Rob\u00f4 inteligente para abertura das preventivas de todos os equipamentos da institui\u00e7\u00e3o, sem interven\u00e7\u00e3o Humana.<\/p>\n                    <p>Controle das Garantias e assist\u00eancias externas.<\/p>\n                    <p>Controle da movimenta\u00e7\u00e3o e descarte dos equipamentos.<\/p>\n                    <p>Classifica\u00e7\u00e3o dos equipamentos seguindo todas as normas legais: Tag, ShortCode, QRCode, Criticidade dentre outras classifica\u00e7\u00f5es.<\/p>\n                    <p>Mecanismo de Avalia\u00e7\u00e3o dos t\u00e9cnicos nos atendimentos das Ordens de Servi\u00e7o.<\/p>\n                    <p>Sinaliza\u00e7\u00e3o, para os gestores, caso uma OS gere bloqueio de leito\/opera\u00e7\u00e3o.<\/p>\n                    <p>Sinaliza\u00e7\u00e3o para os gestores, caso um atendimento, tenha nota de avalia\u00e7\u00e3o abaixo da meta.<\/p>\n                    <p>Abertura de Ordens de Servi\u00e7o por Aplicativo M\u00f3vel, com Leitura de QRCode<\/p>\n                    <p>Acesso ao sistema com criptografia, atrav\u00e9s de Navegadores WEB.<\/p>\n                    <p>Pain\u00e9is indicadores de desempenho das Oficinas, t\u00e9cnicos e setores.<\/p>\n                    <p>Relat\u00f3rios de MTBF, MMTR dentre outros<\/p>\n                    <p>Controle e Gera\u00e7\u00e3o das Etiquetas QRCode para identificar os equipamentos.<\/p>\n                    <p>Total compatibilidade com o PMOC para manuten\u00e7\u00e3o dos equipamentos de Refrigera\u00e7\u00e3o.<\/p>\n                    <p>Controle e abertura autom\u00e1tica das ordens de servi\u00e7o de Calibra\u00e7\u00e3o, podendo anexar os Laudos em PDF.<\/p>\n                  <\/div>\n                <\/div>\n                <div data-colibri-id=\"187-c7\" class=\"h-x-container style-363 style-local-187-c7 position-relative h-element\">\n                  <!---->\n                  <div class=\"h-x-container-inner style-dynamic-187-c7-group style-363-spacing style-local-187-c7-spacing\"><span class=\"h-link__outer style-364-outer style-local-187-c8-outer d-inline-flex h-element\"><a h-use-smooth-scroll=\"true\" href=\"https:\/\/inovasoftware.com.br\/\"  data-colibri-id=\"187-c8\" class=\"d-flex w-100 align-items-center h-link style-364 style-local-187-c8 position-relative\"><!----><!----> <span>INOVA TECNOLOGIA<\/span><\/a>\n                    <\/span>\n                  <\/div>\n                <\/div>\n              <\/div>\n            <\/div>\n          <\/div>\n        <\/div>\n      <\/div>\n    <\/div>\n  <\/div>\n<\/div>","protected":false},"excerpt":{"rendered":"<p>Solu\u00e7\u00e3o para Gest\u00e3o de Ativos Hospitalares e Industriais O MAGNUS \u00e9 um software, classificado como um CMMs (Computerized Maintenance Management System), comercializado pela empra INOVA TECNOLOGIA, e foi desenvolvido especialmente para atender aos processos de gest\u00e3o de ativos hospitalares ou industriais, sejam eles biom\u00e9dicos ou n\u00e3o. Atrav\u00e9s de uma interface intuitiva, associado a alta tecnologia, [&hellip;]<\/p>\n","protected":false},"author":1,"featured_media":0,"parent":0,"menu_order":0,"comment_status":"closed","ping_status":"closed","template":"page-templates\/full-width-page.php","meta":{"footnotes":""},"class_list":["post-187","page","type-page","status-publish","hentry"],"_links":{"self":[{"href":"https:\/\/magnus.pro.br\/index.php?rest_route=\/wp\/v2\/pages\/187","targetHints":{"allow":["GET"]}}],"collection":[{"href":"https:\/\/magnus.pro.br\/index.php?rest_route=\/wp\/v2\/pages"}],"about":[{"href":"https:\/\/magnus.pro.br\/index.php?rest_route=\/wp\/v2\/types\/page"}],"author":[{"embeddable":true,"href":"https:\/\/magnus.pro.br\/index.php?rest_route=\/wp\/v2\/users\/1"}],"replies":[{"embeddable":true,"href":"https:\/\/magnus.pro.br\/index.php?rest_route=%2Fwp%2Fv2%2Fcomments&post=187"}],"version-history":[{"count":6,"href":"https:\/\/magnus.pro.br\/index.php?rest_route=\/wp\/v2\/pages\/187\/revisions"}],"predecessor-version":[{"id":515,"href":"https:\/\/magnus.pro.br\/index.php?rest_route=\/wp\/v2\/pages\/187\/revisions\/515"}],"wp:attachment":[{"href":"https:\/\/magnus.pro.br\/index.php?rest_route=%2Fwp%2Fv2%2Fmedia&parent=187"}],"curies":[{"name":"wp","href":"https:\/\/api.w.org\/{rel}","templated":true}]}}